{"id":13,"date":"2021-05-07T23:54:10","date_gmt":"2021-05-07T21:54:10","guid":{"rendered":"http:\/\/akbrezina.cz\/?page_id=13"},"modified":"2023-02-21T18:00:22","modified_gmt":"2023-02-21T17:00:22","slug":"cena","status":"publish","type":"page","link":"https:\/\/akbrezina.cz\/cs\/cena\/","title":{"rendered":"Cena"},"content":{"rendered":"\n<p>V\u00fd\u0161e odm\u011bny za m\u00e9 slu\u017eby je v\u017edy v\u00fdsledkem oboustrann\u00e9 dohody mezi mnou a klientem s&nbsp;t\u00edm, \u017ee v\u00fd\u0161i odm\u011bny lze ur\u010dit podle n\u011bkolika krit\u00e9ri\u00ed:<\/p>\n\n\n\n<div class=\"wp-block-group\"><div class=\"wp-block-group__inner-container\"><\/div><\/div>\n\n\n\n<h2 class=\"alignwide has-large-font-size\"><strong>Hodinov\u00e1 odm\u011bna<\/strong><\/h2>\n\n\n\n<div class=\"wp-block-group\"><div class=\"wp-block-group__inner-container\">\n<p>Hodinovou odm\u011bnu si s&nbsp;klienty sjedn\u00e1v\u00e1m nej\u010dast\u011bji. Jej\u00ed nespornou v\u00fdhodou je p\u0159ehlednost \u2013 klientovi ka\u017ed\u00fd m\u011bs\u00edc zas\u00edl\u00e1m p\u0159ehled \u010dinnost\u00ed s&nbsp;\u00fadaji o skute\u010dn\u00e9m \u010dasov\u00e9m rozsahu.<\/p>\n\n\n\n<p>V\u00fd\u0161i hodinov\u00e9 sazby sjedn\u00e1v\u00e1m individu\u00e1ln\u011b podle obt\u00ed\u017enosti p\u0159\u00edpadu. Av\u0161ak pro alespo\u0148 hrubou p\u0159edstavu potenci\u00e1ln\u00edho klienta o cen\u011b m\u00fdch slu\u017eeb uv\u00e1d\u00edm, \u017ee <span style=\"text-decoration: underline;\">m\u00e1 orienta\u010dn\u00ed hodinov\u00e1 sazba \u010din\u00ed 2.500 &#8211; 3.500 K\u010d.<\/span><\/p>\n<\/div><\/div>\n\n\n\n<div class=\"wp-block-group\"><div class=\"wp-block-group__inner-container\">\n<h2 class=\"has-large-font-size\"><strong>Pod\u00edlov\u00e1 odm\u011bna<\/strong><\/h2>\n\n\n\n<p>V&nbsp;n\u011bkter\u00fdch p\u0159\u00edpadech jsem ochoten ujednat odm\u011bnu pod\u00edlovou. V&nbsp;takov\u00e9m p\u0159\u00edpad\u011b mou odm\u011bnu typicky p\u0159edstavuje procentu\u00e1ln\u00ed pod\u00edl z&nbsp;celkov\u011b vysouzen\u00e9 \u010d\u00e1stky. Mo\u017en\u00e9 je i kombinovat odm\u011bnu pod\u00edlovou a hodinovou.<\/p>\n<\/div><\/div>\n\n\n\n<h2 class=\"alignwide has-large-font-size\"><strong>\u00dakonov\u00e1 odm\u011bna<\/strong><\/h2>\n\n\n\n<div class=\"wp-block-group\"><div class=\"wp-block-group__inner-container\">\n<p>\u00dakonovou odm\u011bnou se rozum\u00ed fixn\u00ed \u010d\u00e1stka za ka\u017ed\u00fd \u00fakon pr\u00e1vn\u00ed slu\u017eby (\u00fakonem pr\u00e1vn\u00ed slu\u017eby se rozum\u00ed nap\u0159. sepis smlouvy, \u00fa\u010dast na soudn\u00edm jedn\u00e1n\u00ed v&nbsp;rozsahu do 2 hodin atd.). V\u00fd\u0161e \u00fakonov\u00e9 odm\u011bny se odv\u00edj\u00ed od hodnoty pr\u00e1vn\u00ed slu\u017eby a vypo\u010d\u00edt\u00e1v\u00e1 se podle advok\u00e1tn\u00edho tarifu, tedy vyhl\u00e1\u0161ky \u010d. 177\/1996 Sb.<\/p>\n<\/div><\/div>\n\n\n\n<h2 class=\"alignwide has-large-font-size\"><strong>Pau\u0161\u00e1ln\u00ed odm\u011bna<\/strong><\/h2>\n\n\n\n<p>Pau\u0161\u00e1ln\u00ed odm\u011bna je vhodn\u00e1 pro klienty s&nbsp;pot\u0159ebou pravideln\u00e9ho zaji\u0161\u0165ov\u00e1n\u00ed pr\u00e1vn\u00edch slu\u017eeb. V&nbsp;takov\u00e9m p\u0159\u00edpad\u011b se lze domluvit na pau\u0161\u00e1ln\u00ed odm\u011bn\u011b, kter\u00e1 bude placena v&nbsp;ujednan\u00e9 v\u00fd\u0161i ka\u017ed\u00fd m\u011bs\u00edc bez ohledu na mno\u017estv\u00ed poskytnut\u00fdch pr\u00e1vn\u00edch slu\u017eeb<\/p>\n\n\n\n<div class=\"wp-block-group\"><div class=\"wp-block-group__inner-container\"><\/div><\/div>\n","protected":false},"excerpt":{"rendered":"<p>V\u00fd\u0161e odm\u011bny za m\u00e9 slu\u017eby je v\u017edy v\u00fdsledkem oboustrann\u00e9 dohody mezi mnou a klientem s&nbsp;t\u00edm, \u017ee v\u00fd\u0161i odm\u011bny lze ur\u010dit&hellip;<\/p>\n","protected":false},"author":1,"featured_media":0,"parent":0,"menu_order":5,"comment_status":"closed","ping_status":"closed","template":"","meta":[],"_links":{"self":[{"href":"https:\/\/akbrezina.cz\/cs\/wp-json\/wp\/v2\/pages\/13"}],"collection":[{"href":"https:\/\/akbrezina.cz\/cs\/wp-json\/wp\/v2\/pages"}],"about":[{"href":"https:\/\/akbrezina.cz\/cs\/wp-json\/wp\/v2\/types\/page"}],"author":[{"embeddable":true,"href":"https:\/\/akbrezina.cz\/cs\/wp-json\/wp\/v2\/users\/1"}],"replies":[{"embeddable":true,"href":"https:\/\/akbrezina.cz\/cs\/wp-json\/wp\/v2\/comments?post=13"}],"version-history":[{"count":7,"href":"https:\/\/akbrezina.cz\/cs\/wp-json\/wp\/v2\/pages\/13\/revisions"}],"predecessor-version":[{"id":157,"href":"https:\/\/akbrezina.cz\/cs\/wp-json\/wp\/v2\/pages\/13\/revisions\/157"}],"wp:attachment":[{"href":"https:\/\/akbrezina.cz\/cs\/wp-json\/wp\/v2\/media?parent=13"}],"curies":[{"name":"wp","href":"https:\/\/api.w.org\/{rel}","templated":true}]}}