{"id":2,"date":"2021-05-07T23:25:05","date_gmt":"2021-05-07T21:25:05","guid":{"rendered":"http:\/\/akbrezina.cz\/?page_id=2"},"modified":"2021-05-10T23:00:22","modified_gmt":"2021-05-10T21:00:22","slug":"o-mne","status":"publish","type":"page","link":"https:\/\/akbrezina.cz\/cs\/o-mne\/","title":{"rendered":"O mn\u011b"},"content":{"rendered":"\n<p>Jsem samostatn\u00fd advok\u00e1t specializuj\u00edc\u00ed se zejm\u00e9na na pr\u00e1vo ob\u010dansk\u00e9 a trestn\u00ed. V&nbsp;r\u00e1mci pr\u00e1va ob\u010dansk\u00e9ho se zab\u00fdv\u00e1m p\u0159edev\u0161\u00edm zastupov\u00e1n\u00edm v&nbsp;soudn\u00edch \u0159\u00edzen\u00edch, smluvn\u00ed agendou a nemovitostmi, v&nbsp;r\u00e1mci pr\u00e1va trestn\u00edho pak obhajobou fyzick\u00fdch i pr\u00e1vnick\u00fdch osob, jako\u017e i zastupov\u00e1n\u00edm po\u0161kozen\u00fdch v&nbsp;trestn\u00edm \u0159\u00edzen\u00ed. Pr\u00e1vn\u00ed slu\u017eby nicm\u00e9n\u011b poskytuji i v&nbsp;oblasti pr\u00e1va pracovn\u00edho, spr\u00e1vn\u00edho, \u00fastavn\u00edho a mezin\u00e1rodn\u00edho. Jako jeden z&nbsp;m\u00e1la advok\u00e1t\u016f v&nbsp;\u010cesk\u00e9 republice se specializuji na pr\u00e1vo \u0161v\u00fdcarsk\u00e9.<\/p>\n\n\n\n<p>Pr\u00e1vo jsem vystudoval na Pr\u00e1vnick\u00e9 fakult\u011b Univerzity Karlovy, kde jsem po ukon\u010den\u00ed \u0159\u00e1dn\u00e9ho magistersk\u00e9ho studia n\u00e1sledn\u011b dos\u00e1hl titulu doktora pr\u00e1v (JUDr.). Paraleln\u011b s&nbsp;t\u00edm jsem studoval rovn\u011b\u017e na Pr\u00e1vnick\u00e9 fakult\u011b Univerzity Curych ve \u0160v\u00fdcarsku, kde jsem dos\u00e1hl titulu magistra pr\u00e1v (MLaw).<\/p>\n\n\n\n<p>Advokacii se v\u011bnuji od roku 2015, kdy jsem za\u010dal pracovat v&nbsp;pra\u017esk\u00e9 pobo\u010dce mezin\u00e1rodn\u00ed advok\u00e1tn\u00ed kancel\u00e1\u0159e Noerr. Zde jsem nasb\u00edral prvn\u00ed cenn\u00e9 zku\u0161enosti spo\u010d\u00edvaj\u00edc\u00ed t\u00e9\u017e v&nbsp;poskytov\u00e1n\u00ed pr\u00e1vn\u00edch slu\u017eeb v&nbsp;ciz\u00edch jazyc\u00edch. N\u00e1sledn\u011b jsem p\u016fsobil v&nbsp;p\u0159edn\u00ed \u010desk\u00e9 advok\u00e1tn\u00ed kancel\u00e1\u0159i Bro\u017e &amp; Sokol &amp; Nov\u00e1k. Zde jsem m\u011bl na starosti p\u0159edev\u0161\u00edm agendu spornou, tedy zastupov\u00e1n\u00ed klient\u016f p\u0159ed soudy, obhajobu atd. V&nbsp;roce 2021 jsem slo\u017eil advok\u00e1tn\u00ed zkou\u0161ku, n\u00e1sledn\u011b jsem otev\u0159el vlastn\u00ed advok\u00e1tn\u00ed kancel\u00e1\u0159 a za\u010dal vykon\u00e1vat advokacii samostatn\u011b.<\/p>\n\n\n\n<p>Pr\u00e1vn\u00ed slu\u017eby poskytuji v&nbsp;jazyce \u010desk\u00e9m, anglick\u00e9m, n\u011bmeck\u00e9m a polsk\u00e9m \u2013 dorozum\u00edm se t\u00e9\u017e francouzsky a rusky.<\/p>\n\n\n\n<p>M\u00fdm klient\u016fm jsem tak schopen poskytnout komplexn\u00ed pr\u00e1vn\u00ed slu\u017eby zahrnuj\u00edc\u00ed, s&nbsp;ohledem na mou jazykovou v\u00fdbavu, t\u00e9\u017e zastupov\u00e1n\u00ed v&nbsp;p\u0159eshrani\u010dn\u00edch sporech, p\u0159\u00edpravu a tvorbu cizojazy\u010dn\u00e9 smluvn\u00ed dokumentace, poskytov\u00e1n\u00ed pr\u00e1vn\u00edch slu\u017eeb v&nbsp;ciz\u00edm jazyce atd.<\/p>\n","protected":false},"excerpt":{"rendered":"<p>Jsem samostatn\u00fd advok\u00e1t specializuj\u00edc\u00ed se zejm\u00e9na na pr\u00e1vo ob\u010dansk\u00e9 a trestn\u00ed. V&nbsp;r\u00e1mci pr\u00e1va ob\u010dansk\u00e9ho se zab\u00fdv\u00e1m p\u0159edev\u0161\u00edm zastupov\u00e1n\u00edm v&nbsp;soudn\u00edch \u0159\u00edzen\u00edch,&hellip;<\/p>\n","protected":false},"author":1,"featured_media":0,"parent":0,"menu_order":2,"comment_status":"closed","ping_status":"open","template":"","meta":[],"_links":{"self":[{"href":"https:\/\/akbrezina.cz\/cs\/wp-json\/wp\/v2\/pages\/2"}],"collection":[{"href":"https:\/\/akbrezina.cz\/cs\/wp-json\/wp\/v2\/pages"}],"about":[{"href":"https:\/\/akbrezina.cz\/cs\/wp-json\/wp\/v2\/types\/page"}],"author":[{"embeddable":true,"href":"https:\/\/akbrezina.cz\/cs\/wp-json\/wp\/v2\/users\/1"}],"replies":[{"embeddable":true,"href":"https:\/\/akbrezina.cz\/cs\/wp-json\/wp\/v2\/comments?post=2"}],"version-history":[{"count":2,"href":"https:\/\/akbrezina.cz\/cs\/wp-json\/wp\/v2\/pages\/2\/revisions"}],"predecessor-version":[{"id":12,"href":"https:\/\/akbrezina.cz\/cs\/wp-json\/wp\/v2\/pages\/2\/revisions\/12"}],"wp:attachment":[{"href":"https:\/\/akbrezina.cz\/cs\/wp-json\/wp\/v2\/media?parent=2"}],"curies":[{"name":"wp","href":"https:\/\/api.w.org\/{rel}","templated":true}]}}