{"id":31,"date":"2021-05-08T00:15:58","date_gmt":"2021-05-07T22:15:58","guid":{"rendered":"http:\/\/akbrezina.cz\/?page_id=31"},"modified":"2021-05-27T14:41:33","modified_gmt":"2021-05-27T12:41:33","slug":"kontakt","status":"publish","type":"page","link":"https:\/\/akbrezina.cz\/cs\/kontakt\/","title":{"rendered":"Kontakt"},"content":{"rendered":"\n<div class=\"wp-block-group\"><div class=\"wp-block-group__inner-container\">\n<div class=\"wp-block-group\"><div class=\"wp-block-group__inner-container\">\n<div class=\"wp-block-columns\">\n<div class=\"wp-block-column is-vertically-aligned-center\" style=\"flex-basis:100%\">\n<div class=\"wp-block-columns\">\n<div class=\"wp-block-column\">\n<p><strong>JUDr. Jan B\u0159ezina, MLaw, advok\u00e1t<\/strong><\/p>\n\n\n\n<p>Telefon: +420 225&nbsp;376 211<\/p>\n\n\n\n<p>E-mail: <a href=\"mailto:brezina@akbrezina.cz\">brezina@akbrezina.cz<\/a><\/p>\n<\/div>\n\n\n\n<div class=\"wp-block-column\">\n<p>S\u00eddlo: V J\u00e1m\u011b 699\/1, 110 00 Praha 1<\/p>\n\n\n\n<p>eviden\u010dn\u00ed \u010d\u00edslo advok\u00e1ta: 19696<\/p>\n\n\n\n<p>Datov\u00e1 schr\u00e1nka: rqiukey<\/p>\n<\/div>\n<\/div>\n<\/div>\n<\/div>\n<\/div><\/div>\n\n\n\n<h2><strong>Jak se ke mn\u011b dostanete:<\/strong><\/h2>\n\n\n\n<p>M\u00e1 kancel\u00e1\u0159 se nach\u00e1z\u00ed v&nbsp;historick\u00e9m centru Prahy v&nbsp;Dom\u011b u Nov\u00e1k\u016f, v&nbsp;doch\u00e1zkov\u00e9 vzd\u00e1lenosti od V\u00e1clavsk\u00e9ho a Karlova n\u00e1m\u011bst\u00ed. Nejbli\u017e\u0161\u00ed tramvajovou zast\u00e1vkou je Vodi\u010dkova.<\/p>\n\n\n\n<p>P\u0159i cest\u011b autem je t\u0159eba po\u010d\u00edtat s&nbsp;parkov\u00e1n\u00edm na modr\u00e9 z\u00f3n\u011b. Lze t\u00e9\u017e vyu\u017e\u00edt parkov\u00e1n\u00ed v&nbsp;podzemn\u00edch gar\u00e1\u017e\u00edch. Nejbli\u017e\u0161\u00ed podzemn\u00ed gar\u00e1\u017ee pro ve\u0159ejnost se nach\u00e1zej\u00ed v&nbsp;Hotelu Alcron na adrese \u0160t\u011bp\u00e1nsk\u00e1 623\/40, a to ve vzd\u00e1lenosti pouh\u00fdch 170 metr\u016f (<a href=\"https:\/\/www.alcronhotel.com\/cs\/sluzby\/parkovani\/\">https:\/\/www.alcronhotel.com\/cs\/sluzby\/parkovani\/<\/a>). &nbsp;Druhou mo\u017enost\u00ed jsou podzemn\u00ed gar\u00e1\u017ee na adrese Karlovo n\u00e1m\u011bst\u00ed 292\/15 (<a href=\"http:\/\/www.centralparkingprague.cz\/\">http:\/\/www.centralparkingprague.cz\/<\/a>), kter\u00e9 jsou vzd\u00e1len\u00e9 650 metr\u016f od kancel\u00e1\u0159e, resp. 2 zast\u00e1vky tramvaj\u00ed.<\/p>\n\n\n\n<p>Do budovy lze vstoupit bu\u010f z&nbsp;Vodi\u010dkovy ulice, p\u0159i\u010dem\u017e vstup do kancel\u00e1\u0159sk\u00fdch prostor se nach\u00e1z\u00ed po 30 metrech od vstupu do budovy po prav\u00e9 stran\u011b, nebo z&nbsp;ulice V&nbsp;J\u00e1m\u011b.<\/p>\n\n\n\n<p>Kancel\u00e1\u0159 se nach\u00e1z\u00ed v&nbsp;1. pat\u0159e.<\/p>\n\n\n\n<div class=\"wp-block-webfactory-map\"><div class=\"wp-block-webfactory-map\"><iframe loading=\"lazy\" width=\"100%\" height=\"497px\" src=\"https:\/\/www.google.com\/maps\/embed\/v1\/place?q=Vodi%C4%8Dkova%20699%2F28%2C%20110%2000%20Praha%201&amp;maptype=roadmap&amp;zoom=16&amp;key=AIzaSyAjyDspiPfzEfjRSS5fQzm-3jHFjHxeXB4\" frameborder=\"0\"><\/iframe><\/div><\/div>\n<\/div><\/div>\n","protected":false},"excerpt":{"rendered":"","protected":false},"author":1,"featured_media":0,"parent":0,"menu_order":6,"comment_status":"closed","ping_status":"closed","template":"","meta":[],"_links":{"self":[{"href":"https:\/\/akbrezina.cz\/cs\/wp-json\/wp\/v2\/pages\/31"}],"collection":[{"href":"https:\/\/akbrezina.cz\/cs\/wp-json\/wp\/v2\/pages"}],"about":[{"href":"https:\/\/akbrezina.cz\/cs\/wp-json\/wp\/v2\/types\/page"}],"author":[{"embeddable":true,"href":"https:\/\/akbrezina.cz\/cs\/wp-json\/wp\/v2\/users\/1"}],"replies":[{"embeddable":true,"href":"https:\/\/akbrezina.cz\/cs\/wp-json\/wp\/v2\/comments?post=31"}],"version-history":[{"count":6,"href":"https:\/\/akbrezina.cz\/cs\/wp-json\/wp\/v2\/pages\/31\/revisions"}],"predecessor-version":[{"id":135,"href":"https:\/\/akbrezina.cz\/cs\/wp-json\/wp\/v2\/pages\/31\/revisions\/135"}],"wp:attachment":[{"href":"https:\/\/akbrezina.cz\/cs\/wp-json\/wp\/v2\/media?parent=31"}],"curies":[{"name":"wp","href":"https:\/\/api.w.org\/{rel}","templated":true}]}}