{"id":50,"date":"2021-05-08T00:43:47","date_gmt":"2021-05-07T22:43:47","guid":{"rendered":"http:\/\/akbrezina.cz\/cs\/?page_id=50"},"modified":"2022-05-23T16:34:33","modified_gmt":"2022-05-23T14:34:33","slug":"uvod","status":"publish","type":"page","link":"https:\/\/akbrezina.cz\/cs\/","title":{"rendered":"\u00davod"},"content":{"rendered":"\n<p>Jsem samostatn\u00fd advok\u00e1t specializuj\u00edc\u00ed se zejm\u00e9na na pr\u00e1vo ob\u010dansk\u00e9 a trestn\u00ed, nicm\u00e9n\u011b pr\u00e1vn\u00ed slu\u017eby poskytuji ve v\u0161ech oblastech pr\u00e1va. Ke ka\u017ed\u00e9mu p\u0159\u00edpadu p\u0159istupuji individu\u00e1ln\u011b a sna\u017e\u00edm se o vy\u0159e\u0161en\u00ed v\u011bci v\u00a0nejlep\u0161\u00edm z\u00e1jmu m\u00e9ho klienta.<\/p>\n\n\n\n<p>Na za\u010d\u00e1tku spolupr\u00e1ce v\u017edy danou v\u011bc pr\u00e1vn\u011b analyzuji \u2013 to znamen\u00e1, \u017ee V\u00e1m sd\u011bl\u00edm, jak na danou v\u011bc pohl\u00ed\u017e\u00ed z\u00e1kon, a p\u0159edev\u0161\u00edm, jak\u00e9 jsou Va\u0161e \u0161ance na \u00fasp\u011bch. Nikdy ne\u017eenu sv\u00e9ho klienta do p\u0159edem prohran\u00e9ho sporu. Pokud vid\u00edm, \u017ee \u0161ance na \u00fasp\u011bch je mal\u00e1 \u010di \u017e\u00e1dn\u00e1, p\u0159edem na riziko prohry d\u016frazn\u011b upozorn\u00edm. Koneckonc\u016f, ani m\u011b nebav\u00ed v\u00e9st zbyte\u010dn\u00fd, nesmysln\u00fd \u010di p\u0159edem prohran\u00fd spor. M\u00fdm c\u00edlem je, aby ode m\u011b klient v\u017edy odch\u00e1zel pln\u011b spokojen.<\/p>\n","protected":false},"excerpt":{"rendered":"<p>Jsem samostatn\u00fd advok\u00e1t specializuj\u00edc\u00ed se zejm\u00e9na na pr\u00e1vo ob\u010dansk\u00e9 a trestn\u00ed, nicm\u00e9n\u011b pr\u00e1vn\u00ed slu\u017eby poskytuji ve v\u0161ech oblastech pr\u00e1va. Ke&hellip;<\/p>\n","protected":false},"author":1,"featured_media":0,"parent":0,"menu_order":1,"comment_status":"closed","ping_status":"closed","template":"","meta":[],"_links":{"self":[{"href":"https:\/\/akbrezina.cz\/cs\/wp-json\/wp\/v2\/pages\/50"}],"collection":[{"href":"https:\/\/akbrezina.cz\/cs\/wp-json\/wp\/v2\/pages"}],"about":[{"href":"https:\/\/akbrezina.cz\/cs\/wp-json\/wp\/v2\/types\/page"}],"author":[{"embeddable":true,"href":"https:\/\/akbrezina.cz\/cs\/wp-json\/wp\/v2\/users\/1"}],"replies":[{"embeddable":true,"href":"https:\/\/akbrezina.cz\/cs\/wp-json\/wp\/v2\/comments?post=50"}],"version-history":[{"count":3,"href":"https:\/\/akbrezina.cz\/cs\/wp-json\/wp\/v2\/pages\/50\/revisions"}],"predecessor-version":[{"id":155,"href":"https:\/\/akbrezina.cz\/cs\/wp-json\/wp\/v2\/pages\/50\/revisions\/155"}],"wp:attachment":[{"href":"https:\/\/akbrezina.cz\/cs\/wp-json\/wp\/v2\/media?parent=50"}],"curies":[{"name":"wp","href":"https:\/\/api.w.org\/{rel}","templated":true}]}}