{"id":61,"date":"2021-05-08T00:51:22","date_gmt":"2021-05-07T22:51:22","guid":{"rendered":"http:\/\/akbrezina.cz\/cs\/?page_id=61"},"modified":"2021-05-10T23:17:37","modified_gmt":"2021-05-10T21:17:37","slug":"pravni-sluzby","status":"publish","type":"page","link":"https:\/\/akbrezina.cz\/cs\/pravni-sluzby\/","title":{"rendered":"Pr\u00e1vn\u00ed slu\u017eby"},"content":{"rendered":"\n<p><strong>Ob\u010dansk\u00e9 pr\u00e1vo<\/strong><\/p>\n\n\n\n<p>Ob\u010dansk\u00e9 pr\u00e1vo je nej\u0161ir\u0161\u00edm pr\u00e1vn\u00edm odv\u011btv\u00edm, kter\u00e9 upravuje z\u00e1le\u017eitosti ka\u017edodenn\u00edho \u017eivota. Spad\u00e1 pod n\u011bj typicky p\u0159\u00edprava a tvorba smluv, jako\u017e i \u0159e\u0161en\u00ed spor\u016f z&nbsp;nich vypl\u00fdvaj\u00edc\u00ed, spory o vlastnick\u00e9 pr\u00e1vo, n\u00e1hrada \u0161kody \u010di nemajetkov\u00e9 \u00fajmy, p\u0159evody nemovitost\u00ed a jin\u00e9. <\/p>\n\n\n\n<p><strong>Trestn\u00ed pr\u00e1vo<\/strong><\/p>\n\n\n\n<p>Trestn\u00ed pr\u00e1vo je tzv. pr\u00e1vn\u00edm odv\u011btv\u00edm <em>ultima ratio<\/em>, tedy odv\u011btv\u00edm, jeho\u017e instituty by m\u011bly b\u00fdt aplikov\u00e1ny pouze v&nbsp;t\u011bch nejz\u00e1va\u017en\u011bj\u0161\u00edch p\u0159\u00edpadech. Bylo-li proti V\u00e1m zah\u00e1jeno trestn\u00ed st\u00edh\u00e1n\u00ed, \u010di byla-li V\u00e1m naopak trestnou \u010dinnost\u00ed zp\u016fsobena \u0161koda \u010di nemajetkov\u00e1 \u00fajma, pak se na m\u011b nev\u00e1hejte obr\u00e1tit.<\/p>\n\n\n\n<p><strong>Spr\u00e1vn\u00ed pr\u00e1vo<\/strong><\/p>\n\n\n\n<p>Spr\u00e1vn\u00ed pr\u00e1vo obsahuje bezpo\u010det pr\u00e1vn\u00edch podoblast\u00ed, pro kter\u00e9 je charakterizuj\u00edc\u00ed jedn\u00e1n\u00ed se spr\u00e1vn\u00edmi org\u00e1ny, tedy lidov\u011b \u0159e\u010deno, s\u00a0\u00fa\u0159ady. V\u00a0r\u00e1mci spr\u00e1vn\u00edho pr\u00e1va poskytuji pr\u00e1vn\u00ed zastoupen\u00ed v\u00a0p\u0159estupkov\u00e9m \u0159\u00edzen\u00ed, a to v\u010detn\u011b dopravn\u00edch p\u0159estupk\u016f, jako\u017e i v\u00a0jin\u00fdch spr\u00e1vn\u00edch \u0159\u00edzen\u00edch, jako nap\u0159. ve stavebn\u00edm \u0159\u00edzen\u00ed aj.<\/p>\n\n\n\n<p><strong>\u00dastavn\u00ed a mezin\u00e1rodn\u00ed pr\u00e1vo<\/strong> Z&nbsp;oblasti pr\u00e1va \u00fastavn\u00edho sv\u00fdm klient\u016fm nej\u010dast\u011bji poskytuji pr\u00e1vn\u00ed slu\u017eby spo\u010d\u00edvaj\u00edc\u00ed v&nbsp;seps\u00e1n\u00ed \u00fastavn\u00ed st\u00ed\u017enosti a zastupov\u00e1n\u00ed v&nbsp;\u0159\u00edzen\u00ed p\u0159ed \u00dastavn\u00edm soudem \u010cR. V\u017edy je v\u0161ak t\u0159eba m\u00edt na pam\u011bti, \u017ee \u00dastavn\u00ed soud \u010cR posuzuje pouze to, zda v&nbsp;p\u0159edch\u00e1zej\u00edc\u00edm \u0159\u00edzen\u00ed do\u0161lo k&nbsp;z\u00e1sahu do \u00fastavn\u011b zaru\u010den\u00e9ho pr\u00e1va (typicky do z\u00e1kladn\u00edch lidsk\u00fdch pr\u00e1v), zat\u00edmco skutkov\u00fd stav ji\u017e \u00dastavn\u00ed soud \u010cR nep\u0159ezkoum\u00e1v\u00e1. P\u0159ed pod\u00e1n\u00edm \u00fastavn\u00ed st\u00ed\u017enosti proto v\u017edy pe\u010dliv\u011b zva\u017euji, zda se v&nbsp;\u0159\u00edzen\u00ed z\u00e1sah do n\u011bkter\u00e9ho z&nbsp;\u00fastavn\u011b zaru\u010den\u00fdch pr\u00e1v vyskytl, a teprve podle toho pod\u00e1n\u00ed \u00fastavn\u00ed st\u00ed\u017enosti doporu\u010duji \u010di nedoporu\u010duji.<\/p>\n\n\n\n<p><strong>\u0160v\u00fdcarsk\u00e9 pr\u00e1vo<\/strong><\/p>\n\n\n\n<p>Jako jeden z&nbsp;m\u00e1la \u010desk\u00fdch advok\u00e1t\u016f se zab\u00fdv\u00e1m pr\u00e1vem \u0161v\u00fdcarsk\u00fdm, kter\u00e9 jsem vystudoval na Univerzit\u011b Curych ve \u0160v\u00fdcarsku. Poskytuji proto pr\u00e1vn\u00ed poradenstv\u00ed v&nbsp;oblasti \u0161v\u00fdcarsk\u00e9ho pr\u00e1va, d\u00e1le pak poskytuji pr\u00e1vn\u00ed slu\u017eby \u0161v\u00fdcarsk\u00fdm ob\u010dan\u016fm v&nbsp;oblasti pr\u00e1va \u010desk\u00e9ho, p\u0159i\u010dem\u017e jsem schopen d\u00edky znalosti obou pr\u00e1vn\u00edch \u0159\u00e1d\u016f pouk\u00e1zat na relevantn\u00ed rozd\u00edly mezi \u0161v\u00fdcarsk\u00fdm a \u010desk\u00fdm pr\u00e1vem a tyto rozd\u00edly vyjasnit.<\/p>\n","protected":false},"excerpt":{"rendered":"<p>Ob\u010dansk\u00e9 pr\u00e1vo Ob\u010dansk\u00e9 pr\u00e1vo je nej\u0161ir\u0161\u00edm pr\u00e1vn\u00edm odv\u011btv\u00edm, kter\u00e9 upravuje z\u00e1le\u017eitosti ka\u017edodenn\u00edho \u017eivota. Spad\u00e1 pod n\u011bj typicky p\u0159\u00edprava a tvorba&hellip;<\/p>\n","protected":false},"author":1,"featured_media":0,"parent":0,"menu_order":3,"comment_status":"closed","ping_status":"closed","template":"","meta":[],"_links":{"self":[{"href":"https:\/\/akbrezina.cz\/cs\/wp-json\/wp\/v2\/pages\/61"}],"collection":[{"href":"https:\/\/akbrezina.cz\/cs\/wp-json\/wp\/v2\/pages"}],"about":[{"href":"https:\/\/akbrezina.cz\/cs\/wp-json\/wp\/v2\/types\/page"}],"author":[{"embeddable":true,"href":"https:\/\/akbrezina.cz\/cs\/wp-json\/wp\/v2\/users\/1"}],"replies":[{"embeddable":true,"href":"https:\/\/akbrezina.cz\/cs\/wp-json\/wp\/v2\/comments?post=61"}],"version-history":[{"count":3,"href":"https:\/\/akbrezina.cz\/cs\/wp-json\/wp\/v2\/pages\/61\/revisions"}],"predecessor-version":[{"id":105,"href":"https:\/\/akbrezina.cz\/cs\/wp-json\/wp\/v2\/pages\/61\/revisions\/105"}],"wp:attachment":[{"href":"https:\/\/akbrezina.cz\/cs\/wp-json\/wp\/v2\/media?parent=61"}],"curies":[{"name":"wp","href":"https:\/\/api.w.org\/{rel}","templated":true}]}}