{"id":70,"date":"2021-05-08T00:59:18","date_gmt":"2021-05-07T22:59:18","guid":{"rendered":"http:\/\/akbrezina.cz\/cs\/?page_id=70"},"modified":"2021-05-10T22:58:34","modified_gmt":"2021-05-10T20:58:34","slug":"svycarske-pravo","status":"publish","type":"page","link":"https:\/\/akbrezina.cz\/cs\/pravni-sluzby\/svycarske-pravo\/","title":{"rendered":"\u0160v\u00fdcarsk\u00e9 pr\u00e1vo"},"content":{"rendered":"\n<p>Jako jeden z&nbsp;m\u00e1la \u010desk\u00fdch advok\u00e1t\u016f se zab\u00fdv\u00e1m pr\u00e1vem \u0161v\u00fdcarsk\u00fdm, kter\u00e9 jsem vystudoval na Univerzit\u011b Curych ve \u0160v\u00fdcarsku. Poskytuji proto pr\u00e1vn\u00ed poradenstv\u00ed v&nbsp;oblasti \u0161v\u00fdcarsk\u00e9ho pr\u00e1va, d\u00e1le pak poskytuji pr\u00e1vn\u00ed slu\u017eby \u0161v\u00fdcarsk\u00fdm ob\u010dan\u016fm v&nbsp;oblasti pr\u00e1va \u010desk\u00e9ho, p\u0159i\u010dem\u017e jsem schopen d\u00edky znalosti obou pr\u00e1vn\u00edch \u0159\u00e1d\u016f pouk\u00e1zat na relevantn\u00ed rozd\u00edly mezi \u0161v\u00fdcarsk\u00fdm a \u010desk\u00fdm pr\u00e1vem a tyto rozd\u00edly vyjasnit.<\/p>\n","protected":false},"excerpt":{"rendered":"<p>Jako jeden z&nbsp;m\u00e1la \u010desk\u00fdch advok\u00e1t\u016f se zab\u00fdv\u00e1m pr\u00e1vem \u0161v\u00fdcarsk\u00fdm, kter\u00e9 jsem vystudoval na Univerzit\u011b Curych ve \u0160v\u00fdcarsku. Poskytuji proto pr\u00e1vn\u00ed&hellip;<\/p>\n","protected":false},"author":1,"featured_media":0,"parent":61,"menu_order":5,"comment_status":"closed","ping_status":"closed","template":"","meta":[],"_links":{"self":[{"href":"https:\/\/akbrezina.cz\/cs\/wp-json\/wp\/v2\/pages\/70"}],"collection":[{"href":"https:\/\/akbrezina.cz\/cs\/wp-json\/wp\/v2\/pages"}],"about":[{"href":"https:\/\/akbrezina.cz\/cs\/wp-json\/wp\/v2\/types\/page"}],"author":[{"embeddable":true,"href":"https:\/\/akbrezina.cz\/cs\/wp-json\/wp\/v2\/users\/1"}],"replies":[{"embeddable":true,"href":"https:\/\/akbrezina.cz\/cs\/wp-json\/wp\/v2\/comments?post=70"}],"version-history":[{"count":1,"href":"https:\/\/akbrezina.cz\/cs\/wp-json\/wp\/v2\/pages\/70\/revisions"}],"predecessor-version":[{"id":71,"href":"https:\/\/akbrezina.cz\/cs\/wp-json\/wp\/v2\/pages\/70\/revisions\/71"}],"up":[{"embeddable":true,"href":"https:\/\/akbrezina.cz\/cs\/wp-json\/wp\/v2\/pages\/61"}],"wp:attachment":[{"href":"https:\/\/akbrezina.cz\/cs\/wp-json\/wp\/v2\/media?parent=70"}],"curies":[{"name":"wp","href":"https:\/\/api.w.org\/{rel}","templated":true}]}}