{"id":93,"date":"2021-05-10T22:56:44","date_gmt":"2021-05-10T20:56:44","guid":{"rendered":"https:\/\/akbrezina.cz\/cs\/?page_id=93"},"modified":"2021-05-10T22:58:06","modified_gmt":"2021-05-10T20:58:06","slug":"spravni-pravo","status":"publish","type":"page","link":"https:\/\/akbrezina.cz\/cs\/pravni-sluzby\/spravni-pravo\/","title":{"rendered":"Spr\u00e1vn\u00ed pr\u00e1vo"},"content":{"rendered":"\n<p>Spr\u00e1vn\u00ed pr\u00e1vo obsahuje bezpo\u010det pr\u00e1vn\u00edch podoblast\u00ed, pro kter\u00e9 je charakterizuj\u00edc\u00ed jedn\u00e1n\u00ed se spr\u00e1vn\u00edmi org\u00e1ny, tedy lidov\u011b \u0159e\u010deno, s&nbsp;\u00fa\u0159ady. V&nbsp;r\u00e1mci spr\u00e1vn\u00edho pr\u00e1va poskytuji pr\u00e1vn\u00ed zastoupen\u00ed v&nbsp;p\u0159estupkov\u00e9m \u0159\u00edzen\u00ed, a to v\u010detn\u011b dopravn\u00edch p\u0159estupk\u016f, jako\u017e i v&nbsp;jin\u00fdch spr\u00e1vn\u00edch \u0159\u00edzen\u00edch, jako nap\u0159. ve stavebn\u00edm \u0159\u00edzen\u00ed aj.<\/p>\n","protected":false},"excerpt":{"rendered":"<p>Spr\u00e1vn\u00ed pr\u00e1vo obsahuje bezpo\u010det pr\u00e1vn\u00edch podoblast\u00ed, pro kter\u00e9 je charakterizuj\u00edc\u00ed jedn\u00e1n\u00ed se spr\u00e1vn\u00edmi org\u00e1ny, tedy lidov\u011b \u0159e\u010deno, s&nbsp;\u00fa\u0159ady. V&nbsp;r\u00e1mci spr\u00e1vn\u00edho&hellip;<\/p>\n","protected":false},"author":1,"featured_media":0,"parent":61,"menu_order":3,"comment_status":"closed","ping_status":"closed","template":"","meta":[],"_links":{"self":[{"href":"https:\/\/akbrezina.cz\/cs\/wp-json\/wp\/v2\/pages\/93"}],"collection":[{"href":"https:\/\/akbrezina.cz\/cs\/wp-json\/wp\/v2\/pages"}],"about":[{"href":"https:\/\/akbrezina.cz\/cs\/wp-json\/wp\/v2\/types\/page"}],"author":[{"embeddable":true,"href":"https:\/\/akbrezina.cz\/cs\/wp-json\/wp\/v2\/users\/1"}],"replies":[{"embeddable":true,"href":"https:\/\/akbrezina.cz\/cs\/wp-json\/wp\/v2\/comments?post=93"}],"version-history":[{"count":2,"href":"https:\/\/akbrezina.cz\/cs\/wp-json\/wp\/v2\/pages\/93\/revisions"}],"predecessor-version":[{"id":96,"href":"https:\/\/akbrezina.cz\/cs\/wp-json\/wp\/v2\/pages\/93\/revisions\/96"}],"up":[{"embeddable":true,"href":"https:\/\/akbrezina.cz\/cs\/wp-json\/wp\/v2\/pages\/61"}],"wp:attachment":[{"href":"https:\/\/akbrezina.cz\/cs\/wp-json\/wp\/v2\/media?parent=93"}],"curies":[{"name":"wp","href":"https:\/\/api.w.org\/{rel}","templated":true}]}}