{"id":13,"date":"2021-05-07T23:54:10","date_gmt":"2021-05-07T21:54:10","guid":{"rendered":"http:\/\/akbrezina.cz\/?page_id=13"},"modified":"2023-02-21T18:00:22","modified_gmt":"2023-02-21T17:00:22","slug":"cena","status":"publish","type":"page","link":"https:\/\/akbrezina.cz\/de\/preis\/","title":{"rendered":"Preis"},"content":{"rendered":"<p>Die Entgeltsh\u00f6he f\u00fcr meine Dienstleistungen ist immer von einer beiderseitigen Vereinbarung zwischen mir und meinem Mandanten abh\u00e4ngig. Sie kann nach mehreren Kriterien bestimmt werden:<\/p>\n<p>&nbsp;<\/p>\n<p><strong>Stundenentgelt<\/strong> \u2013 Das Stundenentgelt wird am \u00f6ftesten vereinbart. Sein Vorteil ist die Deutlichkeit \u2013 der Mandant erh\u00e4lt jeden Monat einen \u00dcbersicht von durchgef\u00fchrten T\u00e4tigkeiten mit Angaben \u00fcber den wirklichen Zeitumfang.<\/p>\n<p>Die H\u00f6he des Stundensatzes wird individuell nach der Schwierigkeit des Falles vereinbart. Jedoch f\u00fcr mindestens eine grobe Vorstellung eines potenziellen Mandanten \u00fcber den Preis meiner Diensten l\u00e4sst sich anf\u00fchren, dass <u>mein ungef\u00e4hrer Stundensatz betr\u00e4gt &#8211; 2.500 &#8211; 3.500 CZK.<\/u><\/p>\n<p><strong>Anteilsentgelt<\/strong> \u2013 In manchen F\u00e4llen bin ich bereitwillig, das Anteilsentgelt zu vereinbaren. Im solchen Fall wird das Entgelt durch einen prozentuellen Anteil von der insgesamt erreichten Summe bestimmt. Es ist auch m\u00f6glich, das Anteilsentgelt mit dem Stundenentgelt zu kombinieren.<\/p>\n<p><strong>Gesetzentgelt <\/strong>\u2013 Mit dem Gesetzentgelt versteht man eine Fixentgelt f\u00fcr jedes Rechtsgesch\u00e4ft (ein Rechtsgesch\u00e4ft ist z.B. Vertragsverfassung, Teilnahme am gerichtlichen Verhandlung bis 2 Stunden usw.). Die Entgeltsh\u00f6he ist von dem Streitwert abh\u00e4ngig und wird nach dem Anwaltstarif, d.h. nach der Verordnung des Justizministerium Nr. 177\/1996 GBl. gerechnet.<\/p>\n<p><strong>Pauschalentgelt<\/strong> \u2013 Das Pauschalentgelt ist f\u00fcr diejenige Mandanten passend, die Anwaltsdiensten regelm\u00e4\u00dfig brauchen. Im solchen Fall kann ein Pauschalentgelt vereinbart werden, das jeden Monat in der vereinbarten H\u00f6he gezahlt wird, ohne R\u00fccksicht auf die Menge der Anwaltst\u00e4tigkeiten.<\/p>\n","protected":false},"excerpt":{"rendered":"<p>Die Entgeltsh\u00f6he f\u00fcr meine Dienstleistungen ist immer von einer beiderseitigen Vereinbarung zwischen mir und meinem Mandanten abh\u00e4ngig. Sie kann nach&hellip;<\/p>\n","protected":false},"author":1,"featured_media":0,"parent":0,"menu_order":5,"comment_status":"closed","ping_status":"closed","template":"","meta":[],"_links":{"self":[{"href":"https:\/\/akbrezina.cz\/de\/wp-json\/wp\/v2\/pages\/13"}],"collection":[{"href":"https:\/\/akbrezina.cz\/de\/wp-json\/wp\/v2\/pages"}],"about":[{"href":"https:\/\/akbrezina.cz\/de\/wp-json\/wp\/v2\/types\/page"}],"author":[{"embeddable":true,"href":"https:\/\/akbrezina.cz\/de\/wp-json\/wp\/v2\/users\/1"}],"replies":[{"embeddable":true,"href":"https:\/\/akbrezina.cz\/de\/wp-json\/wp\/v2\/comments?post=13"}],"version-history":[{"count":7,"href":"https:\/\/akbrezina.cz\/de\/wp-json\/wp\/v2\/pages\/13\/revisions"}],"predecessor-version":[{"id":157,"href":"https:\/\/akbrezina.cz\/de\/wp-json\/wp\/v2\/pages\/13\/revisions\/157"}],"wp:attachment":[{"href":"https:\/\/akbrezina.cz\/de\/wp-json\/wp\/v2\/media?parent=13"}],"curies":[{"name":"wp","href":"https:\/\/api.w.org\/{rel}","templated":true}]}}