{"id":2,"date":"2021-05-07T23:25:05","date_gmt":"2021-05-07T21:25:05","guid":{"rendered":"http:\/\/akbrezina.cz\/?page_id=2"},"modified":"2021-05-10T23:00:22","modified_gmt":"2021-05-10T21:00:22","slug":"o-mne","status":"publish","type":"page","link":"https:\/\/akbrezina.cz\/de\/uber-mich\/","title":{"rendered":"\u00dcber mich"},"content":{"rendered":"<p>Ich bin selbst\u00e4ndiger Rechtsanwalt mit Spezialisierung vornehmlich auf Zivil- und Strafrecht. Im Rahmen des Zivilrechts befasse ich mich vor allem mit Vertretung in Gerichtsverfahren, Vertr\u00e4gen und Immobilien, im Rahmen des Strafrechts mit Verteidigung von nat\u00fcrlichen und juristischen Personen sowie mit Vertretung von Verletzten im Strafverfahren. Anwaltst\u00e4tig bin ich jedoch auch im Bereich des Arbeits-, Verwaltungs-, Verfassungs- und internationalen Rechts. Als einer von wenigen Anw\u00e4lten in der Tschechischen Republik spezialisiere ich mich auf Schweizer Recht.<\/p>\n<p>Ich habe meine juristische Ausbildung an der Juristischen Fakult\u00e4t der Karlsuniversit\u00e4t in Prag absolviert, wo ich den Doktortitel (JUDr.) erworben habe. Daneben habe ich ebenfalls an der Rechtswissenschaftlichen Fakult\u00e4t der Universit\u00e4t Z\u00fcrich in der Schweiz studiert, wo mir der Mastertitel (MLaw) verliehen worden ist.<\/p>\n<p>Anwaltst\u00e4tig bin ich seit dem Jahr 2015, wenn ich angefangen habe, in der Prager Niederlassung der deutschen Rechtsanwaltskanzlei Noerr zu arbeiten. Hier habe ich die ersten wertvollen Erfahrungen erworben, die ebenfalls in der Anwaltst\u00e4tigkeit in Fremdsprachen gelegen hat. Nachfolgend habe ich in der f\u00fchrenden tschechischen Rechtsanwaltskanzlei Bro\u017e &amp; Sokol &amp; Nov\u00e1k gearbeitet. Hier habe ich mich vornehmlich mit der Streitagenda bzw. mit der Rechtsvertretung vor Gerichten, Verteidigung usw. besch\u00e4ftigt. Im Jahr 2021 habe ich die Anwaltspr\u00fcfungen bestanden, meine eigene Rechtsanwaltskanzlei er\u00f6ffnet und seitdem \u00fcbe ich die Anwaltschaft selbst\u00e4ndig aus.<\/p>\n<p>Anwaltst\u00e4tig bin ich in tschechischer, englischer, deutscher und polnischer Sprache \u2013 ich verst\u00e4ndige mich auch franz\u00f6sisch und russisch.<\/p>\n<p>Aus diesen Gr\u00fcnden kann ich meinen Mandanten komplexe Anwaltst\u00e4tigkeiten wahrnehmen, die beinhalten, hinsichtlich meiner Sprachkenntnisse, auch Vertretung in \u00fcbergrenzenden Rechtstreiten, Verfassung von fremdsprachigen Rechtsunterlagen, Anwaltst\u00e4tigkeiten in einer Fremdsprache usw.<\/p>\n","protected":false},"excerpt":{"rendered":"<p>Ich bin selbst\u00e4ndiger Rechtsanwalt mit Spezialisierung vornehmlich auf Zivil- und Strafrecht. Im Rahmen des Zivilrechts befasse ich mich vor allem&hellip;<\/p>\n","protected":false},"author":1,"featured_media":0,"parent":0,"menu_order":2,"comment_status":"closed","ping_status":"open","template":"","meta":[],"_links":{"self":[{"href":"https:\/\/akbrezina.cz\/de\/wp-json\/wp\/v2\/pages\/2"}],"collection":[{"href":"https:\/\/akbrezina.cz\/de\/wp-json\/wp\/v2\/pages"}],"about":[{"href":"https:\/\/akbrezina.cz\/de\/wp-json\/wp\/v2\/types\/page"}],"author":[{"embeddable":true,"href":"https:\/\/akbrezina.cz\/de\/wp-json\/wp\/v2\/users\/1"}],"replies":[{"embeddable":true,"href":"https:\/\/akbrezina.cz\/de\/wp-json\/wp\/v2\/comments?post=2"}],"version-history":[{"count":2,"href":"https:\/\/akbrezina.cz\/de\/wp-json\/wp\/v2\/pages\/2\/revisions"}],"predecessor-version":[{"id":12,"href":"https:\/\/akbrezina.cz\/de\/wp-json\/wp\/v2\/pages\/2\/revisions\/12"}],"wp:attachment":[{"href":"https:\/\/akbrezina.cz\/de\/wp-json\/wp\/v2\/media?parent=2"}],"curies":[{"name":"wp","href":"https:\/\/api.w.org\/{rel}","templated":true}]}}