{"id":31,"date":"2021-05-08T00:15:58","date_gmt":"2021-05-07T22:15:58","guid":{"rendered":"http:\/\/akbrezina.cz\/?page_id=31"},"modified":"2021-05-27T14:41:33","modified_gmt":"2021-05-27T12:41:33","slug":"kontakt","status":"publish","type":"page","link":"https:\/\/akbrezina.cz\/de\/kontakt\/","title":{"rendered":"Kontakt"},"content":{"rendered":"\r\n<div class=\"wp-block-group\">\r\n<div class=\"wp-block-group__inner-container\">\r\n<div class=\"wp-block-group\">\r\n<div class=\"wp-block-group__inner-container\">\r\n<div class=\"wp-block-columns\">\r\n<div class=\"wp-block-column is-vertically-aligned-center\" style=\"flex-basis: 100%;\">\r\n<div class=\"wp-block-columns\">\r\n<div class=\"wp-block-column\">\r\n<p><strong>JUDr. Jan B\u0159ezina, MLaw<\/strong><\/p>\r\n\r\n\r\n\r\n<p>Telefon: +420 225\u00a0376 211<\/p>\r\n\r\n\r\n\r\n<p>E-mail: <a href=\"mailto:brezina@akbrezina.cz\">brezina@akbrezina.cz<\/a><\/p>\r\n\r\n\r\n<\/div>\r\n\r\n\r\n\r\n<div class=\"wp-block-column\">\r\n<p><strong>Sitz:<\/strong><\/p>\r\n\r\n\r\n\r\n<p>Vodi\u010dkova 699\/28, 110 00 Praha 1<\/p>\r\n\r\n\r\n\r\n<p><strong>Zustellungsadresse:<\/strong><\/p>\r\n\r\n\r\n\r\n<p>V\u00a0J\u00e1m\u011b 699\/1, 110 00 Praha 1<\/p>\r\n<\/div>\r\n<\/div>\r\n<\/div>\r\n<\/div>\r\n<\/div>\r\n<\/div>\r\n\r\n\r\n\r\n<p><strong>Wie Sie mich erreichen:<\/strong><\/p>\r\n<p>Meine Kanzlei befindet sich im historischen Zentrum von Prag zwischen dem Wenzels- und Karlsplatz. Die n\u00e4chste Tramhaltestelle hei\u00dft Vodi\u010dkova.<\/p>\r\n<p>Die n\u00e4chsten Autogaragen befinden sich im Hotel Alcron auf der Adresse \u0160t\u011bp\u00e1nsk\u00e1 623\/40, nur 170 m von meiner Kanzlei (<a href=\"https:\/\/www.alcronhotel.com\/cs\/sluzby\/parkovani\/\">https:\/\/www.alcronhotel.com\/cs\/sluzby\/parkovani\/<\/a>). Die zweite M\u00f6glichkeit sind die Garagen auf der Adresse Karlovo n\u00e1m\u011bst\u00ed 292\/15 (<a href=\"http:\/\/www.centralparkingprague.cz\/\">http:\/\/www.centralparkingprague.cz\/<\/a>), die 650 m bzw. 2 Tramhaltestellen von meiner Kanzlei sind.<\/p>\r\n<p>Der Geb\u00e4udeeingang befindet sich entweder in Vodi\u010dkova Stra\u00dfe, wobei sich der Eingang in Kanzleir\u00e4umen nach 30 m von dem Geb\u00e4udeeingang nach der rechten Seite befindet, oder in V J\u00e1m\u011b Stra\u00dfe.<\/p>\r\n<p>Die Kanzlei befindet sich im 1. Stock.<\/p>\r\n\r\n\r\n\r\n<div class=\"wp-block-webfactory-map\">\r\n<div class=\"wp-block-webfactory-map\"><iframe loading=\"lazy\" src=\"https:\/\/www.google.com\/maps\/embed\/v1\/place?q=Vodi%C4%8Dkova%20699%2F28%2C%20110%2000%20Praha%201&amp;maptype=roadmap&amp;zoom=16&amp;key=AIzaSyAjyDspiPfzEfjRSS5fQzm-3jHFjHxeXB4\" width=\"100%\" height=\"497px\" frameborder=\"0\"><\/iframe><\/div>\r\n<\/div>\r\n<\/div>\r\n<\/div>\r\n","protected":false},"excerpt":{"rendered":"<p>JUDr. Jan B\u0159ezina, MLaw Telefon: +420 225\u00a0376 211 E-mail: brezina@akbrezina.cz Sitz: Vodi\u010dkova 699\/28, 110 00 Praha 1 Zustellungsadresse: V\u00a0J\u00e1m\u011b 699\/1,&hellip;<\/p>\n","protected":false},"author":1,"featured_media":0,"parent":0,"menu_order":6,"comment_status":"closed","ping_status":"closed","template":"","meta":[],"_links":{"self":[{"href":"https:\/\/akbrezina.cz\/de\/wp-json\/wp\/v2\/pages\/31"}],"collection":[{"href":"https:\/\/akbrezina.cz\/de\/wp-json\/wp\/v2\/pages"}],"about":[{"href":"https:\/\/akbrezina.cz\/de\/wp-json\/wp\/v2\/types\/page"}],"author":[{"embeddable":true,"href":"https:\/\/akbrezina.cz\/de\/wp-json\/wp\/v2\/users\/1"}],"replies":[{"embeddable":true,"href":"https:\/\/akbrezina.cz\/de\/wp-json\/wp\/v2\/comments?post=31"}],"version-history":[{"count":6,"href":"https:\/\/akbrezina.cz\/de\/wp-json\/wp\/v2\/pages\/31\/revisions"}],"predecessor-version":[{"id":135,"href":"https:\/\/akbrezina.cz\/de\/wp-json\/wp\/v2\/pages\/31\/revisions\/135"}],"wp:attachment":[{"href":"https:\/\/akbrezina.cz\/de\/wp-json\/wp\/v2\/media?parent=31"}],"curies":[{"name":"wp","href":"https:\/\/api.w.org\/{rel}","templated":true}]}}