{"id":50,"date":"2021-05-08T00:43:47","date_gmt":"2021-05-07T22:43:47","guid":{"rendered":"http:\/\/akbrezina.cz\/cs\/?page_id=50"},"modified":"2022-05-23T16:34:33","modified_gmt":"2022-05-23T14:34:33","slug":"uvod","status":"publish","type":"page","link":"https:\/\/akbrezina.cz\/de\/","title":{"rendered":"Home"},"content":{"rendered":"<p>Ich bin selbst\u00e4ndiger Rechtsanwalt mit Spezialisierung vornehmlich auf Zivilrecht und Strafrecht. T\u00e4tig bin ich jedoch in allen Rechtsgebieten. Jeden Fall l\u00f6se ich individuell und bem\u00fche mich, jede Sache im besten Interesse meines Mandanten aufzul\u00f6sen.<\/p>\n<p>Am Anfang der Mitarbeit analysiere ich die Sache \u2013 das bedeutet, dass ich Ihnen mitteile, wie die Sache durch das Gesetz geregelt wird und vornehmlich wie gro\u00df die Chance auf Erfolg ist. <u>Niemals treibe ich meinen Mandanten in einen vornherein verlorenen Streit<\/u>. Wenn ich sehe, dass es nur kleine oder keine Erfolgschance gibt, weise ich nachdr\u00fccklich auf das Niederlagenrisiko hin. Letztendlich, mir macht das auch keinen Spa\u00df, einen vergeblichen, sinnlosen oder vornherein verlorenen Streit zu f\u00fchren.<\/p>\n<p>Mein Ziel ist es, dass mein Mandant von mir immer v\u00f6llig zufrieden abgeht.<\/p>\n","protected":false},"excerpt":{"rendered":"<p>Ich bin selbst\u00e4ndiger Rechtsanwalt mit Spezialisierung vornehmlich auf Zivilrecht und Strafrecht. T\u00e4tig bin ich jedoch in allen Rechtsgebieten. Jeden Fall&hellip;<\/p>\n","protected":false},"author":1,"featured_media":0,"parent":0,"menu_order":1,"comment_status":"closed","ping_status":"closed","template":"","meta":[],"_links":{"self":[{"href":"https:\/\/akbrezina.cz\/de\/wp-json\/wp\/v2\/pages\/50"}],"collection":[{"href":"https:\/\/akbrezina.cz\/de\/wp-json\/wp\/v2\/pages"}],"about":[{"href":"https:\/\/akbrezina.cz\/de\/wp-json\/wp\/v2\/types\/page"}],"author":[{"embeddable":true,"href":"https:\/\/akbrezina.cz\/de\/wp-json\/wp\/v2\/users\/1"}],"replies":[{"embeddable":true,"href":"https:\/\/akbrezina.cz\/de\/wp-json\/wp\/v2\/comments?post=50"}],"version-history":[{"count":3,"href":"https:\/\/akbrezina.cz\/de\/wp-json\/wp\/v2\/pages\/50\/revisions"}],"predecessor-version":[{"id":155,"href":"https:\/\/akbrezina.cz\/de\/wp-json\/wp\/v2\/pages\/50\/revisions\/155"}],"wp:attachment":[{"href":"https:\/\/akbrezina.cz\/de\/wp-json\/wp\/v2\/media?parent=50"}],"curies":[{"name":"wp","href":"https:\/\/api.w.org\/{rel}","templated":true}]}}