{"id":61,"date":"2021-05-08T00:51:22","date_gmt":"2021-05-07T22:51:22","guid":{"rendered":"http:\/\/akbrezina.cz\/cs\/?page_id=61"},"modified":"2021-05-10T23:17:37","modified_gmt":"2021-05-10T21:17:37","slug":"pravni-sluzby","status":"publish","type":"page","link":"https:\/\/akbrezina.cz\/de\/rechtsgebiete\/","title":{"rendered":"Rechtsgebiete"},"content":{"rendered":"<p><strong>Zivilrecht<\/strong><\/p>\n<p>Das Zivilrecht ist das breiteste Rechtsgebiet, das die allt\u00e4glichen Angelegenheiten regelt. Es beinhaltet z.B. Vertr\u00e4ge sowie daraus hervorgehende Rechtstreiten, Rechtstreiten um das Eigentumsrecht, Schadenersatz, Immobilien\u00fcbertragungen usw.<\/p>\n<p><strong>Strafrecht<\/strong><\/p>\n<p>Das Strafrecht ist sog. <em>ultima ratio<\/em> Rechtsgebiet, d.h. ein Rechtsgebiet, dessen Institute nur in den schwerwiegendsten F\u00e4llen angewendet werden sollen. Wurde gegen Sie Strafverfolgung eingeleitet oder wurde Ihnen durch eine Straftat Schaden verursacht, dann z\u00f6gern Sie nicht, sich an mich zu wenden.<\/p>\n<p><strong>Verwaltungsrecht<\/strong><\/p>\n<p>Das Verwaltungsrecht beinhaltet eine Menge von rechtlichen Untergebieten, die durch die Handlung mit Verwaltungsorganen bzw. mit Amten charakterisiert wird. Im Rahmen des Verwaltungsrecht vertrete ich meinen Mandanten im \u00dcbertretungsverfahren, einschlie\u00dflich der Verkehrsdelikte, sowie in anderen Verwaltungsverfahren wie das Bauverfahren usw.<\/p>\n<p><strong>Verfassungsrecht und Internationales Recht<\/strong><\/p>\n<p>Im Gebiet des Verfassungsrechtes verfasse ich f\u00fcr meine Mandanten sog. Verfassungsbeschwerde und vertrete ihnen vor dem Verfassungsgericht der Tschechischen Republik. Jedoch ist es immer zu beachten, dass das Verfassungsgericht lediglich die Verletzung eines verfassungsgesetzlich gew\u00e4hrleisteten Rechtes beurteilt (typischerweise die Verletzung der Menschenrechte), w\u00e4hrend der Tatbestand nicht \u00fcberpr\u00fcft wird. Deshalb erw\u00e4ge ich zuerst, ob im bisherigen Verfahren ein verfassungsgesetzlich gew\u00e4hrleistetes Recht verletzt worden ist, und erst dann empfehle ich die Verfassungsbeschwerde.<\/p>\n<p><strong>Schweizer Recht<\/strong><\/p>\n<p>Als einer von wenigen Anw\u00e4lten in der Tschechischen Republik spezialisiere ich mich auf Schweizer Recht, das ich an der Universit\u00e4t Z\u00fcrich in der Schweiz studiert habe. Deshalb bin ich anwaltst\u00e4tig im Gebiet des schweizerischen Rechtes, sowie ich die Rechtsberatung im Gebiet des tschechischen Rechtes schweizerischen B\u00fcrgern leiste, wobei ich dank meinen Kenntnissen der beiden Rechtsordnungen auf relevante Unterschiede zwischen dem schweizerischen und tschechischen Recht hinweisen und diese Unterschiede erkl\u00e4ren kann.<\/p>\n","protected":false},"excerpt":{"rendered":"<p>Zivilrecht Das Zivilrecht ist das breiteste Rechtsgebiet, das die allt\u00e4glichen Angelegenheiten regelt. Es beinhaltet z.B. Vertr\u00e4ge sowie daraus hervorgehende Rechtstreiten,&hellip;<\/p>\n","protected":false},"author":1,"featured_media":0,"parent":0,"menu_order":3,"comment_status":"closed","ping_status":"closed","template":"","meta":[],"_links":{"self":[{"href":"https:\/\/akbrezina.cz\/de\/wp-json\/wp\/v2\/pages\/61"}],"collection":[{"href":"https:\/\/akbrezina.cz\/de\/wp-json\/wp\/v2\/pages"}],"about":[{"href":"https:\/\/akbrezina.cz\/de\/wp-json\/wp\/v2\/types\/page"}],"author":[{"embeddable":true,"href":"https:\/\/akbrezina.cz\/de\/wp-json\/wp\/v2\/users\/1"}],"replies":[{"embeddable":true,"href":"https:\/\/akbrezina.cz\/de\/wp-json\/wp\/v2\/comments?post=61"}],"version-history":[{"count":3,"href":"https:\/\/akbrezina.cz\/de\/wp-json\/wp\/v2\/pages\/61\/revisions"}],"predecessor-version":[{"id":105,"href":"https:\/\/akbrezina.cz\/de\/wp-json\/wp\/v2\/pages\/61\/revisions\/105"}],"wp:attachment":[{"href":"https:\/\/akbrezina.cz\/de\/wp-json\/wp\/v2\/media?parent=61"}],"curies":[{"name":"wp","href":"https:\/\/api.w.org\/{rel}","templated":true}]}}