{"id":70,"date":"2021-05-08T00:59:18","date_gmt":"2021-05-07T22:59:18","guid":{"rendered":"http:\/\/akbrezina.cz\/cs\/?page_id=70"},"modified":"2021-05-10T22:58:34","modified_gmt":"2021-05-10T20:58:34","slug":"svycarske-pravo","status":"publish","type":"page","link":"https:\/\/akbrezina.cz\/de\/rechtsgebiete\/schweizer-recht\/","title":{"rendered":"Schweizer Recht"},"content":{"rendered":"<p>Als einer von wenigen Anw\u00e4lten in der Tschechischen Republik spezialisiere ich mich auf Schweizer Recht, das ich an der Universit\u00e4t Z\u00fcrich in der Schweiz studiert habe. Deshalb bin ich anwaltst\u00e4tig im Gebiet des schweizerischen Rechtes, sowie ich die Rechtsberatung im Gebiet des tschechischen Rechtes schweizerischen B\u00fcrgern leiste, wobei ich dank meinen Kenntnissen der beiden Rechtsordnungen auf relevante Unterschiede zwischen dem schweizerischen und tschechischen Recht hinweisen und diese Unterschiede erkl\u00e4ren kann.<\/p>\n","protected":false},"excerpt":{"rendered":"<p>Als einer von wenigen Anw\u00e4lten in der Tschechischen Republik spezialisiere ich mich auf Schweizer Recht, das ich an der Universit\u00e4t&hellip;<\/p>\n","protected":false},"author":1,"featured_media":0,"parent":61,"menu_order":5,"comment_status":"closed","ping_status":"closed","template":"","meta":[],"_links":{"self":[{"href":"https:\/\/akbrezina.cz\/de\/wp-json\/wp\/v2\/pages\/70"}],"collection":[{"href":"https:\/\/akbrezina.cz\/de\/wp-json\/wp\/v2\/pages"}],"about":[{"href":"https:\/\/akbrezina.cz\/de\/wp-json\/wp\/v2\/types\/page"}],"author":[{"embeddable":true,"href":"https:\/\/akbrezina.cz\/de\/wp-json\/wp\/v2\/users\/1"}],"replies":[{"embeddable":true,"href":"https:\/\/akbrezina.cz\/de\/wp-json\/wp\/v2\/comments?post=70"}],"version-history":[{"count":1,"href":"https:\/\/akbrezina.cz\/de\/wp-json\/wp\/v2\/pages\/70\/revisions"}],"predecessor-version":[{"id":71,"href":"https:\/\/akbrezina.cz\/de\/wp-json\/wp\/v2\/pages\/70\/revisions\/71"}],"up":[{"embeddable":true,"href":"https:\/\/akbrezina.cz\/de\/wp-json\/wp\/v2\/pages\/61"}],"wp:attachment":[{"href":"https:\/\/akbrezina.cz\/de\/wp-json\/wp\/v2\/media?parent=70"}],"curies":[{"name":"wp","href":"https:\/\/api.w.org\/{rel}","templated":true}]}}