{"id":72,"date":"2021-05-08T01:00:11","date_gmt":"2021-05-07T23:00:11","guid":{"rendered":"http:\/\/akbrezina.cz\/cs\/?page_id=72"},"modified":"2021-05-11T13:39:50","modified_gmt":"2021-05-11T11:39:50","slug":"trestni-pravo","status":"publish","type":"page","link":"https:\/\/akbrezina.cz\/de\/rechtsgebiete\/strafrecht\/","title":{"rendered":"Strafrecht"},"content":{"rendered":"<p>Das Strafrecht ist sog. <em>ultima ratio<\/em> Rechtsgebiet, d.h. ein Rechtsgebiet, dessen Institute nur in den schwerwiegendsten F\u00e4llen angewendet werden sollen. Wurde gegen Sie Strafverfolgung eingeleitet oder wurde Ihnen durch eine Straftat Schaden verursacht, dann z\u00f6gern Sie nicht, sich an mich zu wenden. Im Rahmen des Strafrechtes widme ich mich dem Folgenden:<\/p>\n<p><strong>\u00a0<\/strong><\/p>\n<p><strong>Rechtshilfe auf der Polizei<\/strong> \u2013 Die Straffprozessordung gew\u00e4hrleistet demjenigen, der auf der Polizei Erkl\u00e4rung abgeben soll, das Recht auf die Rechtshilfe \u2013 ohne R\u00fccksicht darauf, ob es sich um einen Zeugen oder einen Verd\u00e4chtigen handelt. Die Aufgabe eines Anwalts ist es, die Gesetzlichkeit zu beaufsichtigen und dem Mandanten zu raten oder alles erforderlich zu erkl\u00e4ren. Sind Sie deshalb zur Abgabe der Erkl\u00e4rung vorgeladen, erw\u00e4gen Sie immer, ob es nicht passend w\u00e4re, um die Anwesenheit eines Anwalts zu bitten.<\/p>\n<p>&nbsp;<\/p>\n<p><strong>Verteidigung<\/strong> \u2013 Wurde gegen Sie eine Strafverfolgung eingeleitet, dann haben Sie im Rahmen des Rechtes auf Verteidigung auch das Recht auf einen Verteidiger. Nur ein Anwalt darf als Verteidiger t\u00e4tig sein. Der Beschuldigte kann sich einen Verteidiger ausw\u00e4hlen. Ansonst kann dem Beschuldigten einen Verteidiger das Gericht bestellen \u2013 das gilt jedoch nur in gewissen F\u00e4llen (typischerweise wenn der Strafsatz 5 Jahre \u00fcbersteigt).<\/p>\n<p>Die Wahl des Verteidigers ist nicht zu untersch\u00e4tzen \u2013 die Einstellung der richtigen Strategie der Verteidigung ist n\u00e4mlich der Schl\u00fcssel zur Vermeidung der schlimmsten Folgen, d.h. die Vermeidung der Verurteilung, oder in erheblichen F\u00e4llen mindestens die Vermeidung der Verurteilung zur unbedingten Freiheitstrafe.<\/p>\n<p>Sogar in denjenigen F\u00e4llen, wann die Schuld des Beschuldigten offensichtlich ist oder wann der Beschuldigte die Schuld anerkennt, ist nichts verloren. Im solchen Fall ist mein Ziel zu erreichen, dass sich der Mandant der Strafe entzieht und die Strafverfolgung bedingt oder endg\u00fcltig eingestellt wird. Die andere M\u00f6glichkeit ist es, die Verst\u00e4ndigung \u00fcber die Schuld und Strafe abzuschlie\u00dfen. Es ist selbstverst\u00e4ndlich, dass der Verteidiger auf s\u00e4mtliche mildernde Umst\u00e4nde hinweist, um seinem Mandanten im Rahmen des Strafverfahrens die g\u00fcnstigste Stellung zu sichern.<\/p>\n<p>Ich widme mich der Verteidigung von nat\u00fcrlichen sowie juristischen Personen, und zwar im Zusammenhang mit s\u00e4mtlichen Arten der Straft\u00e4tigkeit.<\/p>\n<p>&nbsp;<\/p>\n<p><strong>Vertretung von Verletzten<\/strong> \u2013 \u00c4hnlich wie der Beschuldigte hat auch die Person, der durch eine Straftat materieller oder immaterieller Schaden verursacht worden ist, das Recht auf die Anwaltshilfe. Die Aufgabe solches Anwalts ist es, die Interesse seines Mandanten zu verteidigen und zu beanspruchen, damit das Gericht im Urteil dem Beschuldigten die Pflicht zum Schadenersatz auferlegt. Der Anwalt des Verletzten hat im Strafverfahren \u00e4hnliche Stellung wie der Verteidiger \u2013 er kann an allen Ermittlungsgesch\u00e4ften teilnehmen, Zeugen oder dem Beschuldigten Fragen stellen usw. Der Verletzte kann den Schadenersatz auch im Zivilverfahren geltend machen, aber die Geltendmachung im Strafverfahren ist g\u00fcnstiger \u2013 es muss kein Gerichtsgeb\u00fchr bezahlt werden, der Verletzte tr\u00e4gt keine Beweis- oder Behauptungslast usw.<\/p>\n<p>Z\u00f6gern Sie deshalb nicht, sich an mich zu wenden, falls Ihnen durch eine Straftat materieller oder immaterieller Schaden verursacht worden ist.<\/p>\n<p>&nbsp;<\/p>\n<p><strong>Compliance<\/strong> \u2013 Durch das Gesetz Nr. 418\/2011 GBl. wurde die Strafverantwortlichkeit der juristischen Personen eingef\u00fchrt. Deshalb gilt es, dass wenn eine nat\u00fcrliche Person eine Straftat begeht, kann neben dieser Person auch eine juristische Person beurteilt werden, wenn es sich ihr diese Straft\u00e4tigkeit zurechnen l\u00e4sst. Eine juristische Person ist f\u00fcr diejenige Straftaten verantwortlich, die im ihre Interesse begangen worden sind oder auch nur im Rahmen ihrer T\u00e4tigkeit, hat diese Straftat ihre Vertretungsorgan begangen, aber auch ihr Angestellte und sogar auch eine Person in \u00e4hnlichen Stellung des Angestellten.<\/p>\n<p>Die juristische Person kann sich jedoch von dieser Verantwortlichkeit befreien, falls sie nachweist, dass sie die gesamte Bem\u00fchung aufgewendet hat, um der Straftat zu vermeiden. Und gerade unter diese Bem\u00fchung f\u00e4llt der Begriff, der in der Praxis als Compliance Programm bezeichnet wird.<\/p>\n<p>Ein richtig eingestellte Compliance Programm hat zu vermeiden, dass die juristische Person in Zukunft f\u00fcr die Straft\u00e4tigkeit ihrer Angestellten verantwortlich ist. Das richtige Compliance Programm sollte durch viele Instrumente gebildet werden, die zur m\u00f6glichst gr\u00f6\u00dften Pr\u00e4vention der Kriminalit\u00e4t dienen. Zwischen diese Instrumente f\u00e4llt typischerweise regelm\u00e4\u00dfige Schulungen von Angestellten, die Errichtung eines Organs, wobei man seine Verd\u00e4chtigung auf die Begehung von Straftaten melden kann, aber auch ein ethischer Kodex der Gesellschaft und \u00e4hnliche Dokumenten. Ein eigenes Compliance Programm soll im jeden Fall jede Gesellschaft besitzen.<\/p>\n<p>Einer juristischen Person kann ich entweder ihr bisheriges Compliance Programm revidieren und erneuern bzw. verbessern, oder ein ganz neues Compliance Programm zu verfassen. Jeder Gesellschaft bereite ich das Compliance Programm nach Ma\u00df vor, dass ich zuerst die Risikoma\u00df der Begehung der Straft\u00e4tigkeit analysiere und danach stelle ich konkrete Mechanismen vor, mit denen die Pr\u00e4vention der Kriminalit\u00e4t innerhalb der Gesellschaft auf dem h\u00f6chsten Ma\u00df sein soll und die im Falle der Begehung einer Straftat durch eine nat\u00fcrliche Person die juristische Person von der Verantwortlichkeit ganz befreien sollen.<\/p>\n<p>&nbsp;<\/p>\n","protected":false},"excerpt":{"rendered":"<p>Das Strafrecht ist sog. ultima ratio Rechtsgebiet, d.h. ein Rechtsgebiet, dessen Institute nur in den schwerwiegendsten F\u00e4llen angewendet werden sollen.&hellip;<\/p>\n","protected":false},"author":1,"featured_media":0,"parent":61,"menu_order":2,"comment_status":"closed","ping_status":"closed","template":"","meta":[],"_links":{"self":[{"href":"https:\/\/akbrezina.cz\/de\/wp-json\/wp\/v2\/pages\/72"}],"collection":[{"href":"https:\/\/akbrezina.cz\/de\/wp-json\/wp\/v2\/pages"}],"about":[{"href":"https:\/\/akbrezina.cz\/de\/wp-json\/wp\/v2\/types\/page"}],"author":[{"embeddable":true,"href":"https:\/\/akbrezina.cz\/de\/wp-json\/wp\/v2\/users\/1"}],"replies":[{"embeddable":true,"href":"https:\/\/akbrezina.cz\/de\/wp-json\/wp\/v2\/comments?post=72"}],"version-history":[{"count":2,"href":"https:\/\/akbrezina.cz\/de\/wp-json\/wp\/v2\/pages\/72\/revisions"}],"predecessor-version":[{"id":111,"href":"https:\/\/akbrezina.cz\/de\/wp-json\/wp\/v2\/pages\/72\/revisions\/111"}],"up":[{"embeddable":true,"href":"https:\/\/akbrezina.cz\/de\/wp-json\/wp\/v2\/pages\/61"}],"wp:attachment":[{"href":"https:\/\/akbrezina.cz\/de\/wp-json\/wp\/v2\/media?parent=72"}],"curies":[{"name":"wp","href":"https:\/\/api.w.org\/{rel}","templated":true}]}}