{"id":31,"date":"2021-05-08T00:15:58","date_gmt":"2021-05-07T22:15:58","guid":{"rendered":"http:\/\/akbrezina.cz\/?page_id=31"},"modified":"2021-05-27T14:41:33","modified_gmt":"2021-05-27T12:41:33","slug":"kontakt","status":"publish","type":"page","link":"https:\/\/akbrezina.cz\/en\/contact\/","title":{"rendered":"Contact"},"content":{"rendered":"\r\n<div class=\"wp-block-group\">\r\n<div class=\"wp-block-group__inner-container\">\r\n<div class=\"wp-block-group\">\r\n<div class=\"wp-block-group__inner-container\">\r\n<div class=\"wp-block-columns\">\r\n<div class=\"wp-block-column is-vertically-aligned-center\" style=\"flex-basis: 100%;\">\r\n<div class=\"wp-block-columns\">\r\n<div class=\"wp-block-column\">\r\n<p><strong>JUDr. Jan B\u0159ezina, MLaw<\/strong><\/p>\r\n\r\n\r\n\r\n<p>Phone: +420 225 376 211<\/p>\r\n\r\n\r\n\r\n<p>E-mail: <a href=\"mailto:brezina@akbrezina.cz\">brezina@akbrezina.cz<\/a><\/p>\r\n\r\n\r\n\r\n<p>Data box:<\/p>\r\n<\/div>\r\n\r\n\r\n\r\n<div class=\"wp-block-column\">\r\n<p><strong>Seat: <\/strong><\/p>\r\n\r\n\r\n\r\n<p>Vodi\u010dkova 699\/28, 110 00 Praha 1<\/p>\r\n\r\n\r\n\r\n<p><strong>Correspondence address: <\/strong><\/p>\r\n\r\n\r\n\r\n<p>V\u00a0J\u00e1m\u011b 699\/1, 110 00 Praha 1<\/p>\r\n<\/div>\r\n<\/div>\r\n<\/div>\r\n<\/div>\r\n<\/div>\r\n<\/div>\r\n\r\n\r\n\r\n<p><strong>Transport services:<\/strong><\/p>\r\n\r\n\r\n\r\n<p>My office is located in the historical centre of Prague in \u201cD\u016fm u Nov\u00e1k\u016f\u201d, not far away from the Wenceslas Square and the Charles Square. The closest public transport stop is called \u201cVodi\u010dkova\u201d.<\/p>\r\n<p>Arriving by car, please have in mind that parking in the streets is only against payment. The so-called blue zones are in most of the city centre streets \u2013 the street parking can be paid only via a phone application. Another possibility is to park your car in a public garage. The closest public garage belongs to the Hotel Alcron at \u0160t\u011bp\u00e1nsk\u00e1 623\/40, just 170 meters from my office(<a href=\"https:\/\/www.alcronhotel.com\/cs\/sluzby\/parkovani\/\">https:\/\/www.alcronhotel.com\/cs\/sluzby\/parkovani\/<\/a>).\u00a0 You can also use the garage at the Charles Square 292\/15 (<a href=\"http:\/\/www.centralparkingprague.cz\/\">http:\/\/www.centralparkingprague.cz\/<\/a>) that is situated 650 meters, or 2 tram stops from my office.<\/p>\r\n<p>The building can be entered either from Vodi\u010dkova street or V J\u00e1m\u011b street.<\/p>\r\n<p>My office is located on the first floor.<\/p>\r\n\r\n\r\n\r\n<div class=\"wp-block-webfactory-map\">\r\n<div class=\"wp-block-webfactory-map\"><iframe loading=\"lazy\" src=\"https:\/\/www.google.com\/maps\/embed\/v1\/place?q=Vodi%C4%8Dkova%20699%2F28%2C%20110%2000%20Praha%201&amp;maptype=roadmap&amp;zoom=16&amp;key=AIzaSyAjyDspiPfzEfjRSS5fQzm-3jHFjHxeXB4\" width=\"100%\" height=\"497px\" frameborder=\"0\"><\/iframe><\/div>\r\n<\/div>\r\n<\/div>\r\n<\/div>\r\n","protected":false},"excerpt":{"rendered":"<p>JUDr. Jan B\u0159ezina, MLaw Phone: +420 225 376 211 E-mail: brezina@akbrezina.cz Data box: Seat: Vodi\u010dkova 699\/28, 110 00 Praha 1&hellip;<\/p>\n","protected":false},"author":1,"featured_media":0,"parent":0,"menu_order":6,"comment_status":"closed","ping_status":"closed","template":"","meta":[],"_links":{"self":[{"href":"https:\/\/akbrezina.cz\/en\/wp-json\/wp\/v2\/pages\/31"}],"collection":[{"href":"https:\/\/akbrezina.cz\/en\/wp-json\/wp\/v2\/pages"}],"about":[{"href":"https:\/\/akbrezina.cz\/en\/wp-json\/wp\/v2\/types\/page"}],"author":[{"embeddable":true,"href":"https:\/\/akbrezina.cz\/en\/wp-json\/wp\/v2\/users\/1"}],"replies":[{"embeddable":true,"href":"https:\/\/akbrezina.cz\/en\/wp-json\/wp\/v2\/comments?post=31"}],"version-history":[{"count":6,"href":"https:\/\/akbrezina.cz\/en\/wp-json\/wp\/v2\/pages\/31\/revisions"}],"predecessor-version":[{"id":135,"href":"https:\/\/akbrezina.cz\/en\/wp-json\/wp\/v2\/pages\/31\/revisions\/135"}],"wp:attachment":[{"href":"https:\/\/akbrezina.cz\/en\/wp-json\/wp\/v2\/media?parent=31"}],"curies":[{"name":"wp","href":"https:\/\/api.w.org\/{rel}","templated":true}]}}